{"id":69,"date":"2020-11-24T18:44:24","date_gmt":"2020-11-24T17:44:24","guid":{"rendered":"https:\/\/atcenter.bidde.se\/goteborg\/?page_id=69"},"modified":"2021-03-03T13:36:37","modified_gmt":"2021-03-03T12:36:37","slug":"lankar","status":"publish","type":"page","link":"https:\/\/atcenter.se\/goteborg\/lankar\/","title":{"rendered":"L\u00e4nkar"},"content":{"rendered":"<p>[et_pb_section fb_built=&#8221;1&#8243; admin_label=&#8221;Header&#8221; _builder_version=&#8221;3.22&#8243; use_background_color_gradient=&#8221;on&#8221; background_color_gradient_start=&#8221;rgba(0,0,0,0.65)&#8221; background_color_gradient_end=&#8221;rgba(224,153,0,0)&#8221; background_color_gradient_direction=&#8221;123deg&#8221; background_color_gradient_overlays_image=&#8221;on&#8221; background_image=&#8221;https:\/\/atcenter.bidde.se\/goteborg\/wp-content\/uploads\/sites\/3\/2020\/11\/driving_school-30.jpg&#8221; custom_padding=&#8221;8vw||8vw||true|false&#8221; bottom_divider_style=&#8221;slant2&#8243; bottom_divider_color=&#8221;rgba(0,0,0,0.38)&#8221; bottom_divider_height=&#8221;100%&#8221; bottom_divider_flip=&#8221;horizontal&#8221;][et_pb_row _builder_version=&#8221;3.25&#8243;][et_pb_column type=&#8221;4_4&#8243; _builder_version=&#8221;3.25&#8243; custom_padding=&#8221;|||&#8221; custom_padding__hover=&#8221;|||&#8221;][et_pb_divider color=&#8221;rgba(255,255,255,0.24)&#8221; divider_style=&#8221;dashed&#8221; divider_weight=&#8221;3px&#8221; _builder_version=&#8221;3.17.1&#8243; max_width=&#8221;820px&#8221; height=&#8221;3px&#8221;][\/et_pb_divider][\/et_pb_column][\/et_pb_row][et_pb_row _builder_version=&#8221;4.9.0&#8243; custom_padding=&#8221;0|0px|0|0px|true|false&#8221; border_color_all=&#8221;#ffa53b&#8221; border_width_left=&#8221;20px&#8221;][et_pb_column type=&#8221;4_4&#8243; _builder_version=&#8221;3.25&#8243; custom_padding=&#8221;|||&#8221; custom_padding__hover=&#8221;|||&#8221;][et_pb_text _builder_version=&#8221;4.9.0&#8243; header_font=&#8221;|||on|||||&#8221; header_text_color=&#8221;#ffffff&#8221; header_letter_spacing=&#8221;0em&#8221; header_line_height=&#8221;1.4em&#8221; background_color=&#8221;#ffa53b&#8221; max_width=&#8221;800px&#8221; custom_margin=&#8221;||0px&#8221; custom_padding=&#8221;40px|10px|40px|20px|true|false&#8221; header_font_size_tablet=&#8221;40px&#8221; header_font_size_phone=&#8221;30px&#8221; header_font_size_last_edited=&#8221;on|phone&#8221;]<\/p>\n<h1>L\u00e4nkar<\/h1>\n<p>[\/et_pb_text][et_pb_text _builder_version=&#8221;4.9.0&#8243; _module_preset=&#8221;default&#8221; text_text_color=&#8221;#000000&#8243; text_font_size=&#8221;16px&#8221; background_color=&#8221;#ffffff&#8221; custom_margin=&#8221;|138px||||&#8221; custom_padding=&#8221;|133px||||&#8221; border_width_all=&#8221;31px&#8221; border_color_all=&#8221;#ffffff&#8221;]<\/p>\n<h3><em>H\u00e4r har vi samlat n\u00f6dv\u00e4ndiga och viktiga l\u00e4nkar<\/em><\/h3>\n<p>[\/et_pb_text][\/et_pb_column][\/et_pb_row][et_pb_row _builder_version=&#8221;4.9.0&#8243; custom_padding=&#8221;0|0px|0|0px|true|false&#8221; border_color_all=&#8221;#ffa53b&#8221; border_width_left=&#8221;20px&#8221;][et_pb_column type=&#8221;4_4&#8243; _builder_version=&#8221;3.25&#8243; custom_padding=&#8221;|||&#8221; custom_padding__hover=&#8221;|||&#8221;][et_pb_button button_text=&#8221;031-212427&#8243; _builder_version=&#8221;4.9.0&#8243; _module_preset=&#8221;default&#8221; hover_enabled=&#8221;0&#8243; sticky_enabled=&#8221;0&#8243; custom_button=&#8221;on&#8221; button_text_color=&#8221;#FFFFFF&#8221; button_bg_color=&#8221;#ffa53b&#8221; button_bg_enable_color=&#8221;on&#8221; button_border_color=&#8221;#ffa53b&#8221; button_border_radius=&#8221;0px&#8221; button_text_size=&#8221;16px&#8221; button_icon=&#8221;%%264%%&#8221; button_icon_placement=&#8221;left&#8221; button_on_hover=&#8221;off&#8221; custom_padding=&#8221;10px|35px|10px|35px|false|false&#8221;][\/et_pb_button][\/et_pb_column][\/et_pb_row][\/et_pb_section][et_pb_section fb_built=&#8221;1&#8243; admin_label=&#8221;Services&#8221; _builder_version=&#8221;3.22&#8243;][et_pb_row _builder_version=&#8221;4.9.0&#8243; _module_preset=&#8221;default&#8221;][et_pb_column type=&#8221;4_4&#8243; _builder_version=&#8221;4.9.0&#8243; _module_preset=&#8221;default&#8221;][et_pb_blurb title=&#8221;viktiga l\u00e4nkar&#8221; content_max_width=&#8221;100%&#8221; _builder_version=&#8221;4.9.0&#8243; _module_preset=&#8221;default&#8221; header_font=&#8221;|||on|||||&#8221; header_text_color=&#8221;#E09900&#8243; header_font_size=&#8221;30px&#8221;]<\/p>\n<p>Your content goes here. Edit or remove this text inline or in the module Content settings. You can also style every aspect of this content in the module Design settings and even apply custom CSS to this text in the module Advanced settings.<\/p>\n<p>[\/et_pb_blurb][\/et_pb_column][\/et_pb_row][et_pb_row column_structure=&#8221;1_4,1_4,1_4,1_4&#8243; _builder_version=&#8221;4.7.3&#8243; _module_preset=&#8221;default&#8221;][et_pb_column type=&#8221;1_4&#8243; _builder_version=&#8221;4.7.3&#8243; _module_preset=&#8221;default&#8221;][et_pb_blurb title=&#8221;Transportstyrelsen&#8221; url=&#8221;https:\/\/www.transportstyrelsen.se\/sv\/vagtrafik\/Korkort\/&#8221; url_new_window=&#8221;on&#8221; image=&#8221;https:\/\/atcenter.bidde.se\/goteborg\/wp-content\/uploads\/sites\/3\/2020\/12\/logo-transportstyrelsen.png&#8221; _builder_version=&#8221;4.7.3&#8243; _module_preset=&#8221;default&#8221; text_orientation=&#8221;center&#8221; link_option_url=&#8221;https:\/\/www.transportstyrelsen.se\/sv\/vagtrafik\/Korkort\/&#8221; link_option_url_new_window=&#8221;on&#8221;][\/et_pb_blurb][\/et_pb_column][et_pb_column type=&#8221;1_4&#8243; _builder_version=&#8221;4.7.3&#8243; _module_preset=&#8221;default&#8221;][et_pb_blurb title=&#8221;Att ta K\u00f6rkort&#8221; url=&#8221;http:\/\/korkortsportalen.se\/jag-ska-ta-korkort\/&#8221; url_new_window=&#8221;on&#8221; image=&#8221;https:\/\/atcenter.bidde.se\/goteborg\/wp-content\/uploads\/sites\/3\/2020\/12\/logo-transportstyrelsen.png&#8221; _builder_version=&#8221;4.7.3&#8243; _module_preset=&#8221;default&#8221; text_orientation=&#8221;center&#8221; link_option_url=&#8221;http:\/\/korkortsportalen.se\/jag-ska-ta-korkort\/&#8221; link_option_url_new_window=&#8221;on&#8221;][\/et_pb_blurb][\/et_pb_column][et_pb_column type=&#8221;1_4&#8243; _builder_version=&#8221;4.7.3&#8243; _module_preset=&#8221;default&#8221;][et_pb_blurb title=&#8221;K\u00f6rkortstillst\u00e5nd samt intyg om h\u00e4lsodeklaration&#8221; url=&#8221;https:\/\/www.transportstyrelsen.se\/sv\/Blanketter\/Vag\/korkort\/privatperson\/ansok-om-korkortstillstand-grupp-i&#8221; url_new_window=&#8221;on&#8221; image=&#8221;https:\/\/atcenter.bidde.se\/goteborg\/wp-content\/uploads\/sites\/3\/2020\/12\/logo-transportstyrelsen.png&#8221; _builder_version=&#8221;4.7.3&#8243; _module_preset=&#8221;default&#8221; header_line_height=&#8221;1.3em&#8221; text_orientation=&#8221;center&#8221; link_option_url=&#8221;https:\/\/www.transportstyrelsen.se\/sv\/Blanketter\/Vag\/korkort\/privatperson\/ansok-om-korkortstillstand-grupp-i&#8221; link_option_url_new_window=&#8221;on&#8221;][\/et_pb_blurb][\/et_pb_column][et_pb_column type=&#8221;1_4&#8243; _builder_version=&#8221;4.7.3&#8243; _module_preset=&#8221;default&#8221;][et_pb_blurb title=&#8221;Godk\u00e4nnande som handledare Trafikverket&#8221; url=&#8221;https:\/\/www.transportstyrelsen.se\/sv\/vagtrafik\/e-tjanster-och-blanketter\/e-tjanster-inom-vagtrafik\/?tab=korkort&#038;eservice=handledarskap-ansok&#8221; image=&#8221;https:\/\/atcenter.bidde.se\/goteborg\/wp-content\/uploads\/sites\/3\/2020\/12\/logo-transportstyrelsen.png&#8221; _builder_version=&#8221;4.7.3&#8243; _module_preset=&#8221;default&#8221; header_line_height=&#8221;1.3em&#8221; text_orientation=&#8221;center&#8221; link_option_url=&#8221;https:\/\/www.transportstyrelsen.se\/sv\/vagtrafik\/e-tjanster-och-blanketter\/e-tjanster-inom-vagtrafik\/?tab=korkort&#038;eservice=handledarskap-ansok&#8221; link_option_url_new_window=&#8221;on&#8221;][\/et_pb_blurb][\/et_pb_column][\/et_pb_row][et_pb_row column_structure=&#8221;1_4,1_4,1_4,1_4&#8243; _builder_version=&#8221;4.7.3&#8243; _module_preset=&#8221;default&#8221;][et_pb_column type=&#8221;1_4&#8243; _builder_version=&#8221;4.7.3&#8243; _module_preset=&#8221;default&#8221;][et_pb_blurb title=&#8221;L\u00e4mna ditt omd\u00f6me om oss i G\u00f6teborg eller B\u00e5stad.&#8221; url=&#8221;https:\/\/www.reco.se\/sok\/s?q=akademins%20trafikcenter&#038;page=1&#8243; url_new_window=&#8221;on&#8221; image=&#8221;https:\/\/atcenter.bidde.se\/goteborg\/wp-content\/uploads\/sites\/3\/2020\/12\/logo-reco.png&#8221; _builder_version=&#8221;4.7.3&#8243; _module_preset=&#8221;default&#8221; header_line_height=&#8221;1.3em&#8221; text_orientation=&#8221;center&#8221; link_option_url=&#8221;https:\/\/www.reco.se\/sok\/s?q=akademins%20trafikcenter&#038;page=1&#8243; link_option_url_new_window=&#8221;on&#8221;][\/et_pb_blurb][\/et_pb_column][et_pb_column type=&#8221;1_4&#8243; _builder_version=&#8221;4.7.3&#8243; _module_preset=&#8221;default&#8221;][et_pb_blurb title=&#8221;H\u00e4r kan ni g\u00f6ra k\u00f6rkortsfr\u00e5gor.&#8221; url=&#8221;https:\/\/www.korkort.se\/&#8221; url_new_window=&#8221;on&#8221; image=&#8221;https:\/\/atcenter.bidde.se\/goteborg\/wp-content\/uploads\/sites\/3\/2020\/12\/logo-korkort.png&#8221; _builder_version=&#8221;4.7.3&#8243; _module_preset=&#8221;default&#8221; header_line_height=&#8221;1.3em&#8221; text_orientation=&#8221;center&#8221; link_option_url=&#8221;https:\/\/www.korkort.se\/&#8221; link_option_url_new_window=&#8221;on&#8221;][\/et_pb_blurb][\/et_pb_column][et_pb_column type=&#8221;1_4&#8243; _builder_version=&#8221;4.7.3&#8243; _module_preset=&#8221;default&#8221;][et_pb_blurb title=&#8221;L\u00e4mna ditt omd\u00f6me om oss i G\u00f6teborg eller B\u00e5stad.&#8221; url=&#8221;https:\/\/gulasidorna.eniro.se\/hitta:Akademins+Trafikcenter%22%20href=%22https:\/\/gulasidorna.eniro.se\/hitta:Akademins+Trafikcenter&#8221; url_new_window=&#8221;on&#8221; image=&#8221;https:\/\/atcenter.bidde.se\/goteborg\/wp-content\/uploads\/sites\/3\/2020\/12\/logo-rejta.png&#8221; _builder_version=&#8221;4.7.3&#8243; _module_preset=&#8221;default&#8221; header_line_height=&#8221;1.3em&#8221; text_orientation=&#8221;center&#8221; link_option_url=&#8221;http:\/\/gulasidorna.eniro.se\/hitta:Akademins+Trafikcenter%22 href=%22https:\/\/gulasidorna.eniro.se\/hitta:Akademins+Trafikcenter&#8221; link_option_url_new_window=&#8221;on&#8221;][\/et_pb_blurb][\/et_pb_column][et_pb_column type=&#8221;1_4&#8243; _builder_version=&#8221;4.7.3&#8243; _module_preset=&#8221;default&#8221;][\/et_pb_column][\/et_pb_row][\/et_pb_section]<\/p>\n","protected":false},"excerpt":{"rendered":"<p>L\u00e4nkarH\u00e4r har vi samlat n\u00f6dv\u00e4ndiga och viktiga l\u00e4nkarYour content goes here. Edit or remove this text inline or in the module Content settings. You can also style every aspect of this content in the module Design settings and even apply custom CSS to this text in the module Advanced settings.<\/p>\n","protected":false},"author":1,"featured_media":0,"parent":0,"menu_order":0,"comment_status":"closed","ping_status":"closed","template":"","meta":{"_et_pb_use_builder":"on","_et_pb_old_content":"","_et_gb_content_width":"","footnotes":""},"class_list":["post-69","page","type-page","status-publish","hentry"],"yoast_head":"<!-- This site is optimized with the Yoast SEO plugin v26.7 - https:\/\/yoast.com\/wordpress\/plugins\/seo\/ -->\n<title>L\u00e4nkar - ATCenter i G\u00f6teborg<\/title>\n<meta name=\"robots\" content=\"index, follow, max-snippet:-1, max-image-preview:large, max-video-preview:-1\" \/>\n<link rel=\"canonical\" href=\"https:\/\/atcenter.se\/goteborg\/lankar\/\" \/>\n<meta property=\"og:locale\" content=\"sv_SE\" \/>\n<meta property=\"og:type\" content=\"article\" \/>\n<meta property=\"og:title\" content=\"L\u00e4nkar - ATCenter i G\u00f6teborg\" \/>\n<meta property=\"og:description\" content=\"L\u00e4nkarH\u00e4r har vi samlat n\u00f6dv\u00e4ndiga och viktiga l\u00e4nkarYour content goes here. Edit or remove this text inline or in the module Content settings. You can also style every aspect of this content in the module Design settings and even apply custom CSS to this text in the module Advanced settings.\" \/>\n<meta property=\"og:url\" content=\"https:\/\/atcenter.se\/goteborg\/lankar\/\" \/>\n<meta property=\"og:site_name\" content=\"ATCenter i G\u00f6teborg\" \/>\n<meta property=\"article:modified_time\" content=\"2021-03-03T12:36:37+00:00\" \/>\n<meta name=\"twitter:card\" content=\"summary_large_image\" \/>\n<meta name=\"twitter:label1\" content=\"Ber\u00e4knad l\u00e4stid\" \/>\n\t<meta name=\"twitter:data1\" content=\"5 minuter\" \/>\n<script type=\"application\/ld+json\" class=\"yoast-schema-graph\">{\"@context\":\"https:\/\/schema.org\",\"@graph\":[{\"@type\":\"WebPage\",\"@id\":\"https:\/\/atcenter.se\/goteborg\/lankar\/\",\"url\":\"https:\/\/atcenter.se\/goteborg\/lankar\/\",\"name\":\"L\u00e4nkar - ATCenter i G\u00f6teborg\",\"isPartOf\":{\"@id\":\"https:\/\/atcenter.se\/goteborg\/#website\"},\"datePublished\":\"2020-11-24T17:44:24+00:00\",\"dateModified\":\"2021-03-03T12:36:37+00:00\",\"breadcrumb\":{\"@id\":\"https:\/\/atcenter.se\/goteborg\/lankar\/#breadcrumb\"},\"inLanguage\":\"sv-SE\",\"potentialAction\":[{\"@type\":\"ReadAction\",\"target\":[\"https:\/\/atcenter.se\/goteborg\/lankar\/\"]}]},{\"@type\":\"BreadcrumbList\",\"@id\":\"https:\/\/atcenter.se\/goteborg\/lankar\/#breadcrumb\",\"itemListElement\":[{\"@type\":\"ListItem\",\"position\":1,\"name\":\"Hem\",\"item\":\"https:\/\/atcenter.se\/goteborg\/\"},{\"@type\":\"ListItem\",\"position\":2,\"name\":\"L\u00e4nkar\"}]},{\"@type\":\"WebSite\",\"@id\":\"https:\/\/atcenter.se\/goteborg\/#website\",\"url\":\"https:\/\/atcenter.se\/goteborg\/\",\"name\":\"ATCenter i G\u00f6teborg\",\"description\":\"Akademins Trafikcenter\",\"potentialAction\":[{\"@type\":\"SearchAction\",\"target\":{\"@type\":\"EntryPoint\",\"urlTemplate\":\"https:\/\/atcenter.se\/goteborg\/?s={search_term_string}\"},\"query-input\":{\"@type\":\"PropertyValueSpecification\",\"valueRequired\":true,\"valueName\":\"search_term_string\"}}],\"inLanguage\":\"sv-SE\"}]}<\/script>\n<!-- \/ Yoast SEO plugin. -->","yoast_head_json":{"title":"L\u00e4nkar - ATCenter i G\u00f6teborg","robots":{"index":"index","follow":"follow","max-snippet":"max-snippet:-1","max-image-preview":"max-image-preview:large","max-video-preview":"max-video-preview:-1"},"canonical":"https:\/\/atcenter.se\/goteborg\/lankar\/","og_locale":"sv_SE","og_type":"article","og_title":"L\u00e4nkar - ATCenter i G\u00f6teborg","og_description":"L\u00e4nkarH\u00e4r har vi samlat n\u00f6dv\u00e4ndiga och viktiga l\u00e4nkarYour content goes here. Edit or remove this text inline or in the module Content settings. You can also style every aspect of this content in the module Design settings and even apply custom CSS to this text in the module Advanced settings.","og_url":"https:\/\/atcenter.se\/goteborg\/lankar\/","og_site_name":"ATCenter i G\u00f6teborg","article_modified_time":"2021-03-03T12:36:37+00:00","twitter_card":"summary_large_image","twitter_misc":{"Ber\u00e4knad l\u00e4stid":"5 minuter"},"schema":{"@context":"https:\/\/schema.org","@graph":[{"@type":"WebPage","@id":"https:\/\/atcenter.se\/goteborg\/lankar\/","url":"https:\/\/atcenter.se\/goteborg\/lankar\/","name":"L\u00e4nkar - ATCenter i G\u00f6teborg","isPartOf":{"@id":"https:\/\/atcenter.se\/goteborg\/#website"},"datePublished":"2020-11-24T17:44:24+00:00","dateModified":"2021-03-03T12:36:37+00:00","breadcrumb":{"@id":"https:\/\/atcenter.se\/goteborg\/lankar\/#breadcrumb"},"inLanguage":"sv-SE","potentialAction":[{"@type":"ReadAction","target":["https:\/\/atcenter.se\/goteborg\/lankar\/"]}]},{"@type":"BreadcrumbList","@id":"https:\/\/atcenter.se\/goteborg\/lankar\/#breadcrumb","itemListElement":[{"@type":"ListItem","position":1,"name":"Hem","item":"https:\/\/atcenter.se\/goteborg\/"},{"@type":"ListItem","position":2,"name":"L\u00e4nkar"}]},{"@type":"WebSite","@id":"https:\/\/atcenter.se\/goteborg\/#website","url":"https:\/\/atcenter.se\/goteborg\/","name":"ATCenter i G\u00f6teborg","description":"Akademins Trafikcenter","potentialAction":[{"@type":"SearchAction","target":{"@type":"EntryPoint","urlTemplate":"https:\/\/atcenter.se\/goteborg\/?s={search_term_string}"},"query-input":{"@type":"PropertyValueSpecification","valueRequired":true,"valueName":"search_term_string"}}],"inLanguage":"sv-SE"}]}},"_links":{"self":[{"href":"https:\/\/atcenter.se\/goteborg\/wp-json\/wp\/v2\/pages\/69","targetHints":{"allow":["GET"]}}],"collection":[{"href":"https:\/\/atcenter.se\/goteborg\/wp-json\/wp\/v2\/pages"}],"about":[{"href":"https:\/\/atcenter.se\/goteborg\/wp-json\/wp\/v2\/types\/page"}],"author":[{"embeddable":true,"href":"https:\/\/atcenter.se\/goteborg\/wp-json\/wp\/v2\/users\/1"}],"replies":[{"embeddable":true,"href":"https:\/\/atcenter.se\/goteborg\/wp-json\/wp\/v2\/comments?post=69"}],"version-history":[{"count":16,"href":"https:\/\/atcenter.se\/goteborg\/wp-json\/wp\/v2\/pages\/69\/revisions"}],"predecessor-version":[{"id":1093,"href":"https:\/\/atcenter.se\/goteborg\/wp-json\/wp\/v2\/pages\/69\/revisions\/1093"}],"wp:attachment":[{"href":"https:\/\/atcenter.se\/goteborg\/wp-json\/wp\/v2\/media?parent=69"}],"curies":[{"name":"wp","href":"https:\/\/api.w.org\/{rel}","templated":true}]}}