{"id":424,"date":"2020-12-07T17:52:29","date_gmt":"2020-12-07T16:52:29","guid":{"rendered":"https:\/\/atcenter.bidde.se\/goteborg\/?page_id=424"},"modified":"2021-03-03T13:27:20","modified_gmt":"2021-03-03T12:27:20","slug":"fragor-svar","status":"publish","type":"page","link":"https:\/\/atcenter.se\/goteborg\/fragor-svar\/","title":{"rendered":"Fr\u00e5gor &#038; Svar"},"content":{"rendered":"<p>[et_pb_section fb_built=&#8221;1&#8243; admin_label=&#8221;Header&#8221; _builder_version=&#8221;3.22&#8243; use_background_color_gradient=&#8221;on&#8221; background_color_gradient_start=&#8221;rgba(0,0,0,0.83)&#8221; background_color_gradient_end=&#8221;rgba(0,0,0,0.05)&#8221; background_color_gradient_direction=&#8221;123deg&#8221; background_color_gradient_overlays_image=&#8221;on&#8221; background_image=&#8221;https:\/\/atcenter.bidde.se\/goteborg\/wp-content\/uploads\/sites\/3\/2020\/12\/driving_school-32.jpg&#8221; custom_padding=&#8221;6vw||6vw||true|false&#8221; bottom_divider_style=&#8221;slant2&#8243; bottom_divider_color=&#8221;rgba(0,0,0,0.38)&#8221; bottom_divider_height=&#8221;100%&#8221; bottom_divider_flip=&#8221;horizontal&#8221;][et_pb_row _builder_version=&#8221;3.25&#8243;][et_pb_column type=&#8221;4_4&#8243; _builder_version=&#8221;3.25&#8243; custom_padding=&#8221;|||&#8221; custom_padding__hover=&#8221;|||&#8221;][et_pb_divider color=&#8221;rgba(255,255,255,0.24)&#8221; divider_style=&#8221;dashed&#8221; divider_weight=&#8221;3px&#8221; _builder_version=&#8221;3.17.1&#8243; max_width=&#8221;820px&#8221; height=&#8221;3px&#8221;][\/et_pb_divider][\/et_pb_column][\/et_pb_row][et_pb_row _builder_version=&#8221;3.25&#8243; custom_padding=&#8221;0|0px|0|0px|true|false&#8221; border_color_all=&#8221;#ffa53b&#8221; border_width_left=&#8221;20px&#8221;][et_pb_column type=&#8221;4_4&#8243; _builder_version=&#8221;3.25&#8243; custom_padding=&#8221;|||&#8221; custom_padding__hover=&#8221;|||&#8221;][et_pb_text _builder_version=&#8221;4.9.0&#8243; header_font=&#8221;|||on|||||&#8221; header_text_color=&#8221;#ffffff&#8221; header_letter_spacing=&#8221;0em&#8221; header_line_height=&#8221;1.4em&#8221; background_color=&#8221;#ffa53b&#8221; max_width=&#8221;800px&#8221; custom_margin=&#8221;||0px&#8221; custom_padding=&#8221;40px|10px|40px|20px|true|false&#8221; header_font_size_tablet=&#8221;40px&#8221; header_font_size_phone=&#8221;30px&#8221; header_font_size_last_edited=&#8221;on|phone&#8221;]<\/p>\n<h1>Fr\u00e5gor &amp; Svar<\/h1>\n<p>[\/et_pb_text][et_pb_text _builder_version=&#8221;4.9.0&#8243; header_font=&#8221;||||||||&#8221; header_3_font=&#8221;||||||||&#8221; header_3_font_size=&#8221;20px&#8221; header_3_line_height=&#8221;1.7em&#8221; background_color=&#8221;#ffffff&#8221; max_width=&#8221;900px&#8221; custom_margin=&#8221;||0px&#8221; custom_padding=&#8221;30px|30px|30px|30px|true|true&#8221; animation_style=&#8221;slide&#8221; animation_direction=&#8221;left&#8221; animation_intensity_slide=&#8221;5%&#8221; animation_starting_opacity=&#8221;100%&#8221; header_3_font_size_tablet=&#8221;15px&#8221; header_3_font_size_phone=&#8221;14px&#8221; header_3_font_size_last_edited=&#8221;on|phone&#8221; box_shadow_style=&#8221;preset2&#8243; box_shadow_horizontal=&#8221;0px&#8221; box_shadow_vertical=&#8221;-25px&#8221; box_shadow_blur=&#8221;75px&#8221; box_shadow_color=&#8221;rgba(0,0,0,0.15)&#8221; text_font_size__hover=&#8221;14px&#8221; text_font_size__hover_enabled=&#8221;14px&#8221; text_letter_spacing__hover=&#8221;0px&#8221; text_letter_spacing__hover_enabled=&#8221;0px&#8221; text_line_height__hover=&#8221;1.7em&#8221; text_line_height__hover_enabled=&#8221;1.7em&#8221; text_text_shadow_style__hover=&#8221;none&#8221; text_text_shadow_style__hover_enabled=&#8221;none&#8221; text_text_shadow_color__hover=&#8221;rgba(0,0,0,0.4)&#8221; text_text_shadow_color__hover_enabled=&#8221;rgba(0,0,0,0.4)&#8221; link_font_size__hover=&#8221;14px&#8221; link_font_size__hover_enabled=&#8221;14px&#8221; link_letter_spacing__hover=&#8221;0px&#8221; link_letter_spacing__hover_enabled=&#8221;0px&#8221; link_line_height__hover=&#8221;1em&#8221; link_line_height__hover_enabled=&#8221;1em&#8221; link_text_shadow_style__hover=&#8221;none&#8221; link_text_shadow_style__hover_enabled=&#8221;none&#8221; link_text_shadow_color__hover=&#8221;rgba(0,0,0,0.4)&#8221; link_text_shadow_color__hover_enabled=&#8221;rgba(0,0,0,0.4)&#8221; ul_font_size__hover=&#8221;14px&#8221; ul_font_size__hover_enabled=&#8221;14px&#8221; ul_letter_spacing__hover=&#8221;0px&#8221; ul_letter_spacing__hover_enabled=&#8221;0px&#8221; ul_line_height__hover=&#8221;1em&#8221; ul_line_height__hover_enabled=&#8221;1em&#8221; ul_text_shadow_style__hover=&#8221;none&#8221; ul_text_shadow_style__hover_enabled=&#8221;none&#8221; ul_text_shadow_color__hover=&#8221;rgba(0,0,0,0.4)&#8221; ul_text_shadow_color__hover_enabled=&#8221;rgba(0,0,0,0.4)&#8221; ol_font_size__hover=&#8221;14px&#8221; ol_font_size__hover_enabled=&#8221;14px&#8221; ol_letter_spacing__hover=&#8221;0px&#8221; ol_letter_spacing__hover_enabled=&#8221;0px&#8221; ol_line_height__hover=&#8221;1em&#8221; ol_line_height__hover_enabled=&#8221;1em&#8221; ol_text_shadow_style__hover=&#8221;none&#8221; ol_text_shadow_style__hover_enabled=&#8221;none&#8221; ol_text_shadow_color__hover=&#8221;rgba(0,0,0,0.4)&#8221; ol_text_shadow_color__hover_enabled=&#8221;rgba(0,0,0,0.4)&#8221; quote_font_size__hover=&#8221;14px&#8221; quote_font_size__hover_enabled=&#8221;14px&#8221; quote_letter_spacing__hover=&#8221;0px&#8221; quote_letter_spacing__hover_enabled=&#8221;0px&#8221; quote_line_height__hover=&#8221;1em&#8221; quote_line_height__hover_enabled=&#8221;1em&#8221; quote_text_shadow_style__hover=&#8221;none&#8221; quote_text_shadow_style__hover_enabled=&#8221;none&#8221; quote_text_shadow_color__hover=&#8221;rgba(0,0,0,0.4)&#8221; quote_text_shadow_color__hover_enabled=&#8221;rgba(0,0,0,0.4)&#8221; text_orientation__hover=&#8221;left&#8221; text_orientation__hover_enabled=&#8221;left&#8221; background_layout__hover=&#8221;light&#8221; background_layout__hover_enabled=&#8221;light&#8221;]<\/p>\n<h3><span style=\"color: #000000;\"><em>Nedan finner ni svaren p\u00e5 de vanligaste fr\u00e5gorna r\u00f6rande utbildning<\/em><\/span><\/h3>\n<p>[\/et_pb_text][\/et_pb_column][\/et_pb_row][et_pb_row column_structure=&#8221;2_5,3_5&#8243; _builder_version=&#8221;3.25&#8243; custom_padding=&#8221;0|0px|27px|0px|false|false&#8221;][et_pb_column type=&#8221;2_5&#8243; _builder_version=&#8221;3.25&#8243; custom_padding=&#8221;|||&#8221; custom_padding__hover=&#8221;|||&#8221;][et_pb_button button_text=&#8221;031-212427&#8243; _builder_version=&#8221;4.9.0&#8243; custom_button=&#8221;on&#8221; button_text_size=&#8221;16px&#8221; button_bg_color=&#8221;#ffa53b&#8221; button_border_width=&#8221;0px&#8221; button_border_color=&#8221;rgba(0,0,0,0)&#8221; button_border_radius=&#8221;0px&#8221; button_letter_spacing=&#8221;2px&#8221; button_font=&#8221;|||on|||||&#8221; button_icon=&#8221;%%264%%&#8221; button_icon_placement=&#8221;left&#8221; button_on_hover=&#8221;off&#8221; background_layout=&#8221;dark&#8221; custom_margin=&#8221;||0px&#8221; custom_padding=&#8221;10px|35px|10px|35px|true|true&#8221; custom_padding_last_edited=&#8221;off|desktop&#8221; custom_padding__hover_enabled=&#8221;on&#8221; custom_padding__hover=&#8221;|40px||40px||true&#8221;][\/et_pb_button][\/et_pb_column][et_pb_column type=&#8221;3_5&#8243; _builder_version=&#8221;3.25&#8243; custom_padding=&#8221;60px|||&#8221; custom_padding_tablet=&#8221;20px||&#8221; custom_padding_phone=&#8221;&#8221; custom_padding_last_edited=&#8221;on|tablet&#8221; padding_tablet=&#8221;20px||&#8221; padding_last_edited=&#8221;on|tablet&#8221; custom_padding__hover=&#8221;|||&#8221;][et_pb_divider color=&#8221;rgba(255,255,255,0.24)&#8221; divider_style=&#8221;dashed&#8221; divider_weight=&#8221;3px&#8221; _builder_version=&#8221;3.17.1&#8243; max_width=&#8221;820px&#8221; height=&#8221;3px&#8221; custom_margin=&#8221;30px||&#8221; locked=&#8221;off&#8221;][\/et_pb_divider][\/et_pb_column][\/et_pb_row][\/et_pb_section][et_pb_section fb_built=&#8221;1&#8243; admin_label=&#8221;FAQ&#8221; _builder_version=&#8221;3.22&#8243; custom_padding=&#8221;0px||&#8221;][et_pb_row column_structure=&#8221;1_2,1_2&#8243; use_custom_gutter=&#8221;on&#8221; gutter_width=&#8221;1&#8243; padding_top_bottom_link_1=&#8221;true&#8221; padding_left_right_link_1=&#8221;true&#8221; module_class=&#8221; et_pb_row_fullwidth&#8221; _builder_version=&#8221;3.25&#8243; width=&#8221;100%&#8221; width_tablet=&#8221;100%&#8221; width_phone=&#8221;&#8221; width_last_edited=&#8221;on|desktop&#8221; max_width=&#8221;100%&#8221; max_width_tablet=&#8221;100%&#8221; max_width_phone=&#8221;&#8221; max_width_last_edited=&#8221;on|desktop&#8221; module_alignment=&#8221;left&#8221; custom_padding=&#8221;0px||0px&#8221; make_fullwidth=&#8221;on&#8221;][et_pb_column type=&#8221;1_2&#8243; _builder_version=&#8221;3.25&#8243; background_color=&#8221;#ffa53b&#8221; custom_padding=&#8221;30px|30px|30px|30px&#8221; custom_padding__hover=&#8221;|||&#8221;][et_pb_text _builder_version=&#8221;4.7.3&#8243; text_font=&#8221;||||||||&#8221; text_font_size=&#8221;16px&#8221; text_line_height=&#8221;2em&#8221; header_font=&#8221;||||||||&#8221; header_2_font=&#8221;|800||on|||||&#8221; header_2_font_size=&#8221;48px&#8221; header_2_letter_spacing=&#8221;1px&#8221; header_2_line_height=&#8221;1.4em&#8221; custom_padding=&#8221;|||||false&#8221; header_2_font_size_tablet=&#8221;30px&#8221; header_2_font_size_phone=&#8221;20px&#8221; header_2_font_size_last_edited=&#8221;on|phone&#8221; animation_style__hover=&#8221;none&#8221; animation_style__hover_enabled=&#8221;none&#8221; animation_repeat__hover=&#8221;once&#8221; animation_repeat__hover_enabled=&#8221;once&#8221; animation_direction__hover=&#8221;center&#8221; animation_direction__hover_enabled=&#8221;center&#8221; animation_duration__hover=&#8221;1000ms&#8221; animation_duration__hover_enabled=&#8221;1000ms&#8221; animation_delay__hover=&#8221;0ms&#8221; animation_delay__hover_enabled=&#8221;0ms&#8221; animation_intensity_slide__hover=&#8221;50%&#8221; animation_intensity_slide__hover_enabled=&#8221;50%&#8221; animation_intensity_zoom__hover=&#8221;50%&#8221; animation_intensity_zoom__hover_enabled=&#8221;50%&#8221; animation_intensity_flip__hover=&#8221;50%&#8221; animation_intensity_flip__hover_enabled=&#8221;50%&#8221; animation_intensity_fold__hover=&#8221;50%&#8221; animation_intensity_fold__hover_enabled=&#8221;50%&#8221; animation_intensity_roll__hover=&#8221;50%&#8221; animation_intensity_roll__hover_enabled=&#8221;50%&#8221; animation_starting_opacity__hover=&#8221;0%&#8221; animation_starting_opacity__hover_enabled=&#8221;0%&#8221; animation_speed_curve__hover=&#8221;ease-in-out&#8221; animation_speed_curve__hover_enabled=&#8221;ease-in-out&#8221;]<\/p>\n<h2>Allm\u00e4nna fr\u00e5gor &amp; svar<\/h2>\n<p>[\/et_pb_text][\/et_pb_column][et_pb_column type=&#8221;1_2&#8243; _builder_version=&#8221;3.25&#8243; custom_padding=&#8221;|||&#8221; custom_padding__hover=&#8221;|||&#8221;][\/et_pb_column][\/et_pb_row][et_pb_row column_structure=&#8221;1_2,1_2&#8243; use_custom_gutter=&#8221;on&#8221; gutter_width=&#8221;1&#8243; _builder_version=&#8221;3.25&#8243; width=&#8221;100%&#8221; max_width=&#8221;100%&#8221; module_alignment=&#8221;left&#8221; custom_margin=&#8221;|||&#8221; custom_padding=&#8221;0|0|0|0|false|false&#8221; use_custom_width=&#8221;on&#8221; width_unit=&#8221;off&#8221; custom_width_percent=&#8221;100%&#8221;][et_pb_column type=&#8221;1_2&#8243; _builder_version=&#8221;3.25&#8243; custom_padding=&#8221;|||&#8221; custom_padding__hover=&#8221;|||&#8221;][\/et_pb_column][et_pb_column type=&#8221;1_2&#8243; _builder_version=&#8221;3.25&#8243; custom_padding=&#8221;|||&#8221; custom_padding__hover=&#8221;|||&#8221;][et_pb_accordion open_toggle_background_color=&#8221;#ffffff&#8221; closed_toggle_background_color=&#8221;#ffffff&#8221; _builder_version=&#8221;4.7.3&#8243; toggle_text_color=&#8221;#2a2a2a&#8221; toggle_font=&#8221;|600|||||||&#8221; toggle_font_size=&#8221;18px&#8221; toggle_line_height=&#8221;1.6em&#8221; body_font=&#8221;||||||||&#8221; body_line_height=&#8221;2em&#8221; max_width=&#8221;80%&#8221; max_width_tablet=&#8221;&#8221; max_width_phone=&#8221;&#8221; max_width_last_edited=&#8221;on|phone&#8221; custom_margin=&#8221;|||-10px&#8221; custom_margin_tablet=&#8221;|||-1px&#8221; custom_margin_phone=&#8221;&#8221; custom_margin_last_edited=&#8221;on|desktop&#8221; animation_style=&#8221;slide&#8221; animation_direction=&#8221;right&#8221; animation_intensity_slide=&#8221;5%&#8221; animation_starting_opacity=&#8221;100%&#8221; toggle_font_size_tablet=&#8221;&#8221; toggle_font_size_phone=&#8221;14px&#8221; toggle_font_size_last_edited=&#8221;on|desktop&#8221; border_width_all=&#8221;0px&#8221; border_color_all=&#8221;#ffa53b&#8221; border_width_left=&#8221;10px&#8221; box_shadow_style=&#8221;preset2&#8243; box_shadow_horizontal=&#8221;0px&#8221; box_shadow_vertical=&#8221;35px&#8221; box_shadow_blur=&#8221;115px&#8221; box_shadow_spread=&#8221;-25px&#8221; box_shadow_color=&#8221;rgba(0,0,0,0.15)&#8221;][et_pb_accordion_item title=&#8221;Allm\u00e4nna fr\u00e5gor och svar&#8221; open=&#8221;on&#8221; _builder_version=&#8221;4.7.3&#8243; custom_margin=&#8221;||20px&#8221;][\/et_pb_accordion_item][et_pb_accordion_item title=&#8221;N\u00e4r kan jag b\u00f6rja p\u00e5 trafikskolan?&#8221; _builder_version=&#8221;4.7.3&#8243; custom_margin=&#8221;||20px&#8221; open=&#8221;off&#8221;]<\/p>\n<p>Eftersom du inte f\u00e5r g\u00f6ra ditt teoriprov eller din uppk\u00f6rning innan du fyllt 18 \u00e5r, rekommenderar vi att du<br \/>v\u00e4nder dig till oss n\u00e4r det \u00e4r<br \/>ca tre-fyra m\u00e5nader kvar till 18-\u00e5rsdagen.<\/p>\n<p>Sj\u00e4lvklart \u00e4r du, om du vill, v\u00e4lkommen redan n\u00e4r du fyllt 16 om du k\u00e4nner att du vill b\u00f6rja redan d\u00e5 med tex handledarkurs f\u00f6r att kunna k\u00f6ra och \u00f6va he<\/p>\n<p>[\/et_pb_accordion_item][et_pb_accordion_item title=&#8221;Vad kostar ett k\u00f6rkort?&#8221; _builder_version=&#8221;4.7.3&#8243; custom_margin=&#8221;||20px&#8221; open=&#8221;off&#8221;]<\/p>\n<p>Din egen f\u00f6rm\u00e5ga samt m\u00f6jlighet att \u00f6vningsk\u00f6ra hemma spelar stor roll.<br \/> <span>Se prissidan f\u00f6r<\/span><span>\u00a0<\/span><a title=\"BIL\u00bb\" href=\"https:\/\/www.atcenter.se\/priser\/bil\/\"><strong>BIL\u00bb<\/strong><\/a><span>\u00a0<\/span><span>eller<\/span><span>\u00a0<\/span><a title=\"MC\u00bb\" href=\"https:\/\/www.atcenter.se\/priser\/mc\/\"><strong>MC\u00bb<\/strong><\/a><span>\u00a0<\/span><span>d\u00e4r du f\u00e5r hj\u00e4lp att uppskatta totalpriset f\u00f6r <\/span><\/p>\n<p>[\/et_pb_accordion_item][et_pb_accordion_item title=&#8221;Hur betalar jag?&#8221; _builder_version=&#8221;4.7.3&#8243; custom_margin=&#8221;||20px&#8221; open=&#8221;off&#8221;]<\/p>\n<p><a title=\"Klicka h\u00e4r\u00bb\" href=\"https:\/\/www.atcenter.se\/priser\/information\/\"><strong>Klicka h\u00e4r\u00bb<\/strong><\/a><span>\u00a0f\u00f6r att se hur du smidigast betalar samt betalningsvillko<\/span><\/p>\n<p>[\/et_pb_accordion_item][et_pb_accordion_item title=&#8221;Hur l\u00e5ng tid tar det f\u00f6r mig att ta k\u00f6rkort?&#8221; _builder_version=&#8221;4.7.3&#8243; custom_margin=&#8221;||20px&#8221; open=&#8221;off&#8221;]<\/p>\n<p>Genomsnittseleven tar sitt k\u00f6rkort p\u00e5 ca 3 m\u00e5nader.<br \/> Det som framf\u00f6rallt p\u00e5verkar hur l\u00e5ng tid det tar att ta k\u00f6rkort \u00e4r hur mycket tid du har att l\u00e4gga p\u00e5<br \/> utbildningen.<br \/> Sedan \u00e4r det givetvis Trafikverket\u00b4s v\u00e4ntetider som avg\u00f6r hur snabbt du kan f\u00e5 en tid f\u00f6r kunskaps- och k\u00f6rprov.<br \/> V\u00e4ntetiden brukar vara ca 3-8 veckor men detta kan variera b\u00e5de upp\u00e5t<\/p>\n<p>[\/et_pb_accordion_item][et_pb_accordion_item title=&#8221;Jag utnyttjar inte alla lektioner i paketet jag k\u00f6per, vad h\u00e4nder?&#8221; _builder_version=&#8221;4.7.3&#8243; custom_margin=&#8221;||20px&#8221; open=&#8221;off&#8221;]<\/p>\n<p>K\u00f6per du f\u00f6r stort start\/k\u00f6rpaket \u00e5terbetalas resterande belopp efter vi r\u00e4knat om<span>\u00a0<\/span><strong>allt<\/strong><span>\u00a0<\/span>till ordinarie<br \/> styckpris -10%\u00a0Vi f\u00f6ljer Sveriges Trafikutbildares Riksf\u00f6rbunds rekommendationer vid \u00e5terbetalning<\/p>\n<p>[\/et_pb_accordion_item][et_pb_accordion_item title=&#8221;Hur l\u00e5ng giltighetstid har mitt start\/k\u00f6rpaket?&#8221; _builder_version=&#8221;4.7.3&#8243; custom_margin=&#8221;||20px&#8221; open=&#8221;off&#8221;]<\/p>\n<p>Start\/k\u00f6rpaketets pris g\u00e4ller i 12 m\u00e5nader.<\/p>\n<p>Efter det betalar man mellanskillnaden upp till dagens pris f\u00f6r det start\/k\u00f6rtpaket man k\u00f6pt (f\u00f6rutsatt att n\u00e5gon prish\u00f6jning skett).<\/p>\n<p>Ett start\/k\u00f6rpaket som \u00e4r \u00e4ldre \u00e4n tv\u00e5 \u00e5r anses dock vara f\u00f6rbrukat.<\/p>\n<p>[\/et_pb_accordion_item][et_pb_accordion_item title=&#8221;Om jag inte kan komma\/kommer till en inbokad k\u00f6rlektion\/kurs, vad h\u00e4nder?&#8221; _builder_version=&#8221;4.7.3&#8243; custom_margin=&#8221;||20px&#8221; open=&#8221;off&#8221;]<\/p>\n<p>Du ansvarar sj\u00e4lv f\u00f6r att boka dig p\u00e5 r\u00e4tt st\u00e4lle, \u00e4r du os\u00e4ker ring oss innan du bokar!<\/p>\n<p>Avbokning m\u00e5ste ske via telefon under kontorstid enligt f\u00f6ljande&#8230;<\/p>\n<ul>\n<li>K\u00f6rlektion Bil, MC, Moped senast 13:00, vardagen innan<\/li>\n<li>Risk1, Handledarkurs senast 13:00, 2 vardagar innan<\/li>\n<li>Risk2\/Halkk\u00f6rning senast 13:00, 4 vardagar innan<\/li>\n<\/ul>\n<p>T\u00e4nk p\u00e5 att om du inte avbokar i tid kommer du att bli debiterad, om du blir akut sjuk ska ett sjuktintyg\/intyg<br \/> uppvisas inom en vecka fr\u00e5n det datum du var sjuk och du undviker d\u00e5 att bli<\/p>\n<p>[\/et_pb_accordion_item][et_pb_accordion_item title=&#8221;Anv\u00e4nder AT Center alkol\u00e5s?&#8221; _builder_version=&#8221;4.7.3&#8243; custom_margin=&#8221;||20px&#8221; open=&#8221;off&#8221;]<\/p>\n<p>Ja, alla v\u00e5ra bilar har alkol\u00e5s, detta \u00e4r en sj\u00e4lvklarhet f\u00f6r oss d\u00e5 alkohol och bilk\u00f6rning INTE h\u00f6r ihop!<br \/> Detta inneb\u00e4r att du varje lektion f\u00e5r &#8221;bl\u00e5sa&#8221; och ett negativt utandningsprov kr\u00e4vs f\u00f6r att bilen ska starta!<\/p>\n<p>[\/et_pb_accordion_item][et_pb_accordion_item title=&#8221;\u00c4r jag f\u00f6rs\u00e4krad vid en eventuell olycka?&#8221; _builder_version=&#8221;4.7.3&#8243; custom_margin=&#8221;||20px&#8221; open=&#8221;off&#8221;]<\/p>\n<p><span>Du \u00e4r f\u00f6rs\u00e4krad genom den trafikf\u00f6rs\u00e4kring som finns f\u00f6r fordonet du k\u00f6r.<\/span><\/p>\n<p>[\/et_pb_accordion_item][et_pb_accordion_item title=&#8221;Om jag inte pratar\/f\u00f6rst\u00e5r Svenska?&#8221; _builder_version=&#8221;4.7.3&#8243; custom_margin=&#8221;||20px&#8221; open=&#8221;off&#8221;]<\/p>\n<p>Teoridelen av k\u00f6rkortsutbildningen f\u00f6r bil, b\u00e5de b\u00f6cker och dataprov, finns tillg\u00e4nglig p\u00e5 b\u00e5de svenska och engelska.<br \/> Alla l\u00e4rare talar Engelska.<br \/> Det finns \u00e4ven m\u00f6jlighet att g\u00f6ra Transportstyrelsens teoretiska prov p\u00e5 ett antal olika spr<\/p>\n<p>[\/et_pb_accordion_item][\/et_pb_accordion][\/et_pb_column][\/et_pb_row][\/et_pb_section]<\/p>\n","protected":false},"excerpt":{"rendered":"<p>Fr\u00e5gor &amp; SvarNedan finner ni svaren p\u00e5 de vanligaste fr\u00e5gorna r\u00f6rande utbildningAllm\u00e4nna fr\u00e5gor &amp; svarEftersom du inte f\u00e5r g\u00f6ra ditt teoriprov eller din uppk\u00f6rning innan du fyllt 18 \u00e5r, rekommenderar vi att duv\u00e4nder dig till oss n\u00e4r det \u00e4rca tre-fyra m\u00e5nader kvar till 18-\u00e5rsdagen. Sj\u00e4lvklart \u00e4r du, om du vill, v\u00e4lkommen redan n\u00e4r du fyllt [&hellip;]<\/p>\n","protected":false},"author":1,"featured_media":0,"parent":0,"menu_order":0,"comment_status":"closed","ping_status":"closed","template":"","meta":{"_et_pb_use_builder":"on","_et_pb_old_content":"","_et_gb_content_width":"","footnotes":""},"class_list":["post-424","page","type-page","status-publish","hentry"],"yoast_head":"<!-- This site is optimized with the Yoast SEO plugin v26.7 - https:\/\/yoast.com\/wordpress\/plugins\/seo\/ -->\n<title>Fr\u00e5gor &amp; Svar - ATCenter i G\u00f6teborg<\/title>\n<meta name=\"robots\" content=\"index, follow, max-snippet:-1, max-image-preview:large, max-video-preview:-1\" \/>\n<link rel=\"canonical\" href=\"https:\/\/atcenter.se\/goteborg\/fragor-svar\/\" \/>\n<meta property=\"og:locale\" content=\"sv_SE\" \/>\n<meta property=\"og:type\" content=\"article\" \/>\n<meta property=\"og:title\" content=\"Fr\u00e5gor &amp; Svar - ATCenter i G\u00f6teborg\" \/>\n<meta property=\"og:description\" content=\"Fr\u00e5gor &amp; SvarNedan finner ni svaren p\u00e5 de vanligaste fr\u00e5gorna r\u00f6rande utbildningAllm\u00e4nna fr\u00e5gor &amp; svarEftersom du inte f\u00e5r g\u00f6ra ditt teoriprov eller din uppk\u00f6rning innan du fyllt 18 \u00e5r, rekommenderar vi att duv\u00e4nder dig till oss n\u00e4r det \u00e4rca tre-fyra m\u00e5nader kvar till 18-\u00e5rsdagen. Sj\u00e4lvklart \u00e4r du, om du vill, v\u00e4lkommen redan n\u00e4r du fyllt [&hellip;]\" \/>\n<meta property=\"og:url\" content=\"https:\/\/atcenter.se\/goteborg\/fragor-svar\/\" \/>\n<meta property=\"og:site_name\" content=\"ATCenter i G\u00f6teborg\" \/>\n<meta property=\"article:modified_time\" content=\"2021-03-03T12:27:20+00:00\" \/>\n<meta name=\"twitter:card\" content=\"summary_large_image\" \/>\n<meta name=\"twitter:label1\" content=\"Ber\u00e4knad l\u00e4stid\" \/>\n\t<meta name=\"twitter:data1\" content=\"10 minuter\" \/>\n<script type=\"application\/ld+json\" class=\"yoast-schema-graph\">{\"@context\":\"https:\/\/schema.org\",\"@graph\":[{\"@type\":\"WebPage\",\"@id\":\"https:\/\/atcenter.se\/goteborg\/fragor-svar\/\",\"url\":\"https:\/\/atcenter.se\/goteborg\/fragor-svar\/\",\"name\":\"Fr\u00e5gor & Svar - ATCenter i G\u00f6teborg\",\"isPartOf\":{\"@id\":\"https:\/\/atcenter.se\/goteborg\/#website\"},\"datePublished\":\"2020-12-07T16:52:29+00:00\",\"dateModified\":\"2021-03-03T12:27:20+00:00\",\"breadcrumb\":{\"@id\":\"https:\/\/atcenter.se\/goteborg\/fragor-svar\/#breadcrumb\"},\"inLanguage\":\"sv-SE\",\"potentialAction\":[{\"@type\":\"ReadAction\",\"target\":[\"https:\/\/atcenter.se\/goteborg\/fragor-svar\/\"]}]},{\"@type\":\"BreadcrumbList\",\"@id\":\"https:\/\/atcenter.se\/goteborg\/fragor-svar\/#breadcrumb\",\"itemListElement\":[{\"@type\":\"ListItem\",\"position\":1,\"name\":\"Hem\",\"item\":\"https:\/\/atcenter.se\/goteborg\/\"},{\"@type\":\"ListItem\",\"position\":2,\"name\":\"Fr\u00e5gor &#038; Svar\"}]},{\"@type\":\"WebSite\",\"@id\":\"https:\/\/atcenter.se\/goteborg\/#website\",\"url\":\"https:\/\/atcenter.se\/goteborg\/\",\"name\":\"ATCenter i G\u00f6teborg\",\"description\":\"Akademins Trafikcenter\",\"potentialAction\":[{\"@type\":\"SearchAction\",\"target\":{\"@type\":\"EntryPoint\",\"urlTemplate\":\"https:\/\/atcenter.se\/goteborg\/?s={search_term_string}\"},\"query-input\":{\"@type\":\"PropertyValueSpecification\",\"valueRequired\":true,\"valueName\":\"search_term_string\"}}],\"inLanguage\":\"sv-SE\"}]}<\/script>\n<!-- \/ Yoast SEO plugin. -->","yoast_head_json":{"title":"Fr\u00e5gor & Svar - ATCenter i G\u00f6teborg","robots":{"index":"index","follow":"follow","max-snippet":"max-snippet:-1","max-image-preview":"max-image-preview:large","max-video-preview":"max-video-preview:-1"},"canonical":"https:\/\/atcenter.se\/goteborg\/fragor-svar\/","og_locale":"sv_SE","og_type":"article","og_title":"Fr\u00e5gor & Svar - ATCenter i G\u00f6teborg","og_description":"Fr\u00e5gor &amp; SvarNedan finner ni svaren p\u00e5 de vanligaste fr\u00e5gorna r\u00f6rande utbildningAllm\u00e4nna fr\u00e5gor &amp; svarEftersom du inte f\u00e5r g\u00f6ra ditt teoriprov eller din uppk\u00f6rning innan du fyllt 18 \u00e5r, rekommenderar vi att duv\u00e4nder dig till oss n\u00e4r det \u00e4rca tre-fyra m\u00e5nader kvar till 18-\u00e5rsdagen. Sj\u00e4lvklart \u00e4r du, om du vill, v\u00e4lkommen redan n\u00e4r du fyllt [&hellip;]","og_url":"https:\/\/atcenter.se\/goteborg\/fragor-svar\/","og_site_name":"ATCenter i G\u00f6teborg","article_modified_time":"2021-03-03T12:27:20+00:00","twitter_card":"summary_large_image","twitter_misc":{"Ber\u00e4knad l\u00e4stid":"10 minuter"},"schema":{"@context":"https:\/\/schema.org","@graph":[{"@type":"WebPage","@id":"https:\/\/atcenter.se\/goteborg\/fragor-svar\/","url":"https:\/\/atcenter.se\/goteborg\/fragor-svar\/","name":"Fr\u00e5gor & Svar - ATCenter i G\u00f6teborg","isPartOf":{"@id":"https:\/\/atcenter.se\/goteborg\/#website"},"datePublished":"2020-12-07T16:52:29+00:00","dateModified":"2021-03-03T12:27:20+00:00","breadcrumb":{"@id":"https:\/\/atcenter.se\/goteborg\/fragor-svar\/#breadcrumb"},"inLanguage":"sv-SE","potentialAction":[{"@type":"ReadAction","target":["https:\/\/atcenter.se\/goteborg\/fragor-svar\/"]}]},{"@type":"BreadcrumbList","@id":"https:\/\/atcenter.se\/goteborg\/fragor-svar\/#breadcrumb","itemListElement":[{"@type":"ListItem","position":1,"name":"Hem","item":"https:\/\/atcenter.se\/goteborg\/"},{"@type":"ListItem","position":2,"name":"Fr\u00e5gor &#038; Svar"}]},{"@type":"WebSite","@id":"https:\/\/atcenter.se\/goteborg\/#website","url":"https:\/\/atcenter.se\/goteborg\/","name":"ATCenter i G\u00f6teborg","description":"Akademins Trafikcenter","potentialAction":[{"@type":"SearchAction","target":{"@type":"EntryPoint","urlTemplate":"https:\/\/atcenter.se\/goteborg\/?s={search_term_string}"},"query-input":{"@type":"PropertyValueSpecification","valueRequired":true,"valueName":"search_term_string"}}],"inLanguage":"sv-SE"}]}},"_links":{"self":[{"href":"https:\/\/atcenter.se\/goteborg\/wp-json\/wp\/v2\/pages\/424","targetHints":{"allow":["GET"]}}],"collection":[{"href":"https:\/\/atcenter.se\/goteborg\/wp-json\/wp\/v2\/pages"}],"about":[{"href":"https:\/\/atcenter.se\/goteborg\/wp-json\/wp\/v2\/types\/page"}],"author":[{"embeddable":true,"href":"https:\/\/atcenter.se\/goteborg\/wp-json\/wp\/v2\/users\/1"}],"replies":[{"embeddable":true,"href":"https:\/\/atcenter.se\/goteborg\/wp-json\/wp\/v2\/comments?post=424"}],"version-history":[{"count":10,"href":"https:\/\/atcenter.se\/goteborg\/wp-json\/wp\/v2\/pages\/424\/revisions"}],"predecessor-version":[{"id":1090,"href":"https:\/\/atcenter.se\/goteborg\/wp-json\/wp\/v2\/pages\/424\/revisions\/1090"}],"wp:attachment":[{"href":"https:\/\/atcenter.se\/goteborg\/wp-json\/wp\/v2\/media?parent=424"}],"curies":[{"name":"wp","href":"https:\/\/api.w.org\/{rel}","templated":true}]}}