{"id":400,"date":"2020-12-07T17:46:43","date_gmt":"2020-12-07T16:46:43","guid":{"rendered":"https:\/\/atcenter.bidde.se\/goteborg\/?page_id=400"},"modified":"2021-02-26T08:37:38","modified_gmt":"2021-02-26T07:37:38","slug":"corona-covid-19","status":"publish","type":"page","link":"https:\/\/atcenter.se\/goteborg\/corona-covid-19\/","title":{"rendered":"CORONA (Covid-19)"},"content":{"rendered":"<p>[et_pb_section fb_built=&#8221;1&#8243; admin_label=&#8221;Header&#8221; _builder_version=&#8221;3.22&#8243; use_background_color_gradient=&#8221;on&#8221; background_color_gradient_start=&#8221;rgba(0,0,0,0.83)&#8221; background_color_gradient_end=&#8221;rgba(0,0,0,0.05)&#8221; background_color_gradient_direction=&#8221;123deg&#8221; background_color_gradient_overlays_image=&#8221;on&#8221; background_image=&#8221;https:\/\/atcenter.bidde.se\/goteborg\/wp-content\/uploads\/sites\/3\/2020\/12\/driving_school-32.jpg&#8221; custom_padding=&#8221;6vw||6vw||true|false&#8221; bottom_divider_style=&#8221;slant2&#8243; bottom_divider_color=&#8221;rgba(0,0,0,0.38)&#8221; bottom_divider_height=&#8221;100%&#8221; bottom_divider_flip=&#8221;horizontal&#8221;][et_pb_row _builder_version=&#8221;3.25&#8243;][et_pb_column type=&#8221;4_4&#8243; _builder_version=&#8221;3.25&#8243; custom_padding=&#8221;|||&#8221; custom_padding__hover=&#8221;|||&#8221;][et_pb_divider color=&#8221;rgba(255,255,255,0.24)&#8221; divider_style=&#8221;dashed&#8221; divider_weight=&#8221;3px&#8221; _builder_version=&#8221;3.17.1&#8243; max_width=&#8221;820px&#8221; height=&#8221;3px&#8221;][\/et_pb_divider][\/et_pb_column][\/et_pb_row][et_pb_row _builder_version=&#8221;3.25&#8243; custom_padding=&#8221;0|0px|0|0px|true|false&#8221; border_color_all=&#8221;#ffa53b&#8221; border_width_left=&#8221;20px&#8221;][et_pb_column type=&#8221;4_4&#8243; _builder_version=&#8221;3.25&#8243; custom_padding=&#8221;|||&#8221; custom_padding__hover=&#8221;|||&#8221;][et_pb_text _builder_version=&#8221;4.9.0&#8243; header_font=&#8221;|||on|||||&#8221; header_text_color=&#8221;#ffffff&#8221; header_letter_spacing=&#8221;0em&#8221; header_line_height=&#8221;1.4em&#8221; background_color=&#8221;#ffa53b&#8221; max_width=&#8221;800px&#8221; custom_margin=&#8221;||0px&#8221; custom_padding=&#8221;40px|10px|40px|20px|true|false&#8221; hover_enabled=&#8221;0&#8243; header_font_size_tablet=&#8221;40px&#8221; header_font_size_phone=&#8221;30px&#8221; header_font_size_last_edited=&#8221;on|phone&#8221; sticky_enabled=&#8221;0&#8243;]<\/p>\n<h1>CORONA (COVID-19)<\/h1>\n<p>[\/et_pb_text][\/et_pb_column][\/et_pb_row][\/et_pb_section][et_pb_section fb_built=&#8221;1&#8243; _builder_version=&#8221;4.7.3&#8243; _module_preset=&#8221;default&#8221;][et_pb_row column_structure=&#8221;1_2,1_2&#8243; _builder_version=&#8221;4.7.3&#8243; _module_preset=&#8221;default&#8221;][et_pb_column type=&#8221;1_2&#8243; _builder_version=&#8221;4.7.3&#8243; _module_preset=&#8221;default&#8221;][et_pb_text _builder_version=&#8221;4.7.3&#8243; _module_preset=&#8221;default&#8221;]<\/p>\n<p><img loading=\"lazy\" decoding=\"async\" src=\"https:\/\/atcenter.bidde.se\/goteborg\/wp-content\/uploads\/sites\/3\/2020\/12\/corona.jpg\" width=\"1000\" height=\"500\" alt=\"\" class=\"wp-image-432 aligncenter size-full\" srcset=\"https:\/\/atcenter.bidde.se\/goteborg\/wp-content\/uploads\/sites\/3\/2020\/12\/corona.jpg 1000w, https:\/\/atcenter.bidde.se\/goteborg\/wp-content\/uploads\/sites\/3\/2020\/12\/corona-980x490.jpg 980w, https:\/\/atcenter.bidde.se\/goteborg\/wp-content\/uploads\/sites\/3\/2020\/12\/corona-480x240.jpg 480w\" sizes=\"(min-width: 0px) and (max-width: 480px) 480px, (min-width: 481px) and (max-width: 980px) 980px, (min-width: 981px) 1000px, 100vw\" \/><span><br \/>Vi har genomf\u00f6rt n\u00e5gra \u00e5tg\u00e4rder f\u00f6r att minska smittspridningen och trygga h\u00e4lsan, b\u00e5de f\u00f6r kunder och medarbetare.<\/span><br \/><span>V\u00e5r verksamhet \u00e4r ig\u00e5ng som vanligt,<\/span><span>\u00a0<\/span><strong>men\u00a0<\/strong><span>vi f\u00f6ljer utvecklingen och rekommendationer fr\u00e5n myndigheterna noggrant<\/span><\/p>\n<p>[\/et_pb_text][\/et_pb_column][et_pb_column type=&#8221;1_2&#8243; _builder_version=&#8221;4.7.3&#8243; _module_preset=&#8221;default&#8221;][et_pb_blurb use_icon=&#8221;on&#8221; _builder_version=&#8221;4.7.3&#8243; _module_preset=&#8221;default&#8221;]<\/p>\n<p><span>N\u00e5gra av de \u00e5tg\u00e4rder vi genomf\u00f6rt<\/span><\/p>\n<p>[\/et_pb_blurb][et_pb_blurb title=&#8221;Alla elever kommer att f\u00e5 desinficera reglage, ratt, mm inf\u00f6r varje k\u00f6rlektion.&#8221; use_icon=&#8221;on&#8221; font_icon=&#8221;%%3%%&#8221; icon_color=&#8221;#000000&#8243; icon_placement=&#8221;left&#8221; use_icon_font_size=&#8221;on&#8221; icon_font_size=&#8221;22px&#8221; _builder_version=&#8221;4.7.3&#8243; _module_preset=&#8221;default&#8221; header_font_size=&#8221;16px&#8221; header_line_height=&#8221;1.4em&#8221;][\/et_pb_blurb][et_pb_blurb title=&#8221;Inga alkotester genomf\u00f6rs f\u00f6r tillf\u00e4llet.&#8221; use_icon=&#8221;on&#8221; font_icon=&#8221;%%3%%&#8221; icon_color=&#8221;#000000&#8243; icon_placement=&#8221;left&#8221; use_icon_font_size=&#8221;on&#8221; icon_font_size=&#8221;22px&#8221; _builder_version=&#8221;4.7.3&#8243; _module_preset=&#8221;default&#8221; header_font_size=&#8221;16px&#8221; header_line_height=&#8221;1.4em&#8221; custom_margin=&#8221;-32px|||||&#8221;][\/et_pb_blurb][et_pb_blurb title=&#8221;Vi h\u00e4lsar g\u00e4rna, men tar inte varandra i hand.&#8221; use_icon=&#8221;on&#8221; font_icon=&#8221;%%3%%&#8221; icon_color=&#8221;#000000&#8243; icon_placement=&#8221;left&#8221; use_icon_font_size=&#8221;on&#8221; icon_font_size=&#8221;22px&#8221; _builder_version=&#8221;4.7.3&#8243; _module_preset=&#8221;default&#8221; header_font_size=&#8221;16px&#8221; header_line_height=&#8221;1.4em&#8221; custom_margin=&#8221;-32px|||||&#8221;][\/et_pb_blurb][et_pb_blurb title=&#8221;Tv\u00e4tta g\u00e4rna h\u00e4nderna f\u00f6re\/efter varje lektion\/kurs, det finns handsprit p\u00e5 flera st\u00e4llen p\u00e5 kontoret och vi ber dig v\u00e4nligen, f\u00f6r din egen och andras skull att anv\u00e4nda dessa&#8221; use_icon=&#8221;on&#8221; font_icon=&#8221;%%3%%&#8221; icon_color=&#8221;#000000&#8243; icon_placement=&#8221;left&#8221; use_icon_font_size=&#8221;on&#8221; icon_font_size=&#8221;22px&#8221; _builder_version=&#8221;4.7.3&#8243; _module_preset=&#8221;default&#8221; header_font_size=&#8221;16px&#8221; header_line_height=&#8221;1.4em&#8221; custom_margin=&#8221;-32px|||||&#8221;][\/et_pb_blurb][et_pb_blurb title=&#8221;Om du k\u00e4nner dig %22krasslig%22 och avbokar en lektion, kommer vi i f\u00f6rebyggande syfte att avboka allt, ink inbokade prov, 14 dagar fram\u00e5t.&#8221; use_icon=&#8221;on&#8221; font_icon=&#8221;%%3%%&#8221; icon_color=&#8221;#000000&#8243; icon_placement=&#8221;left&#8221; use_icon_font_size=&#8221;on&#8221; icon_font_size=&#8221;22px&#8221; _builder_version=&#8221;4.7.3&#8243; _module_preset=&#8221;default&#8221; header_font_size=&#8221;16px&#8221; header_line_height=&#8221;1.4em&#8221; custom_margin=&#8221;-32px|||||&#8221;][\/et_pb_blurb][et_pb_blurb title=&#8221;Kommer du \u00e4nd\u00e5 hit trots att du inte k\u00e4nner dig bra, kommer vi att skicka hem dig igen och du kommer att bli debiterad f\u00f6r lektionen.&#8221; use_icon=&#8221;on&#8221; font_icon=&#8221;%%3%%&#8221; icon_color=&#8221;#000000&#8243; icon_placement=&#8221;left&#8221; use_icon_font_size=&#8221;on&#8221; icon_font_size=&#8221;22px&#8221; _builder_version=&#8221;4.7.3&#8243; _module_preset=&#8221;default&#8221; header_font_size=&#8221;16px&#8221; header_line_height=&#8221;1.4em&#8221; custom_margin=&#8221;-32px|||||&#8221;][\/et_pb_blurb][et_pb_blurb title=&#8221;Vi har dragit ner p\u00e5 antalet platser p\u00e5 alla teoretiska kurser\/kurstillf\u00e4llen.&#8221; use_icon=&#8221;on&#8221; font_icon=&#8221;%%3%%&#8221; icon_color=&#8221;#000000&#8243; icon_placement=&#8221;left&#8221; use_icon_font_size=&#8221;on&#8221; icon_font_size=&#8221;22px&#8221; _builder_version=&#8221;4.7.3&#8243; _module_preset=&#8221;default&#8221; header_font_size=&#8221;16px&#8221; header_line_height=&#8221;1.4em&#8221; custom_margin=&#8221;-32px|||||&#8221;][\/et_pb_blurb][et_pb_blurb title=&#8221;Just nu ber vi att ni betalar ALLT via Swish eller via v\u00e5r e-handel.&#8221; use_icon=&#8221;on&#8221; font_icon=&#8221;%%3%%&#8221; icon_color=&#8221;#000000&#8243; icon_placement=&#8221;left&#8221; use_icon_font_size=&#8221;on&#8221; icon_font_size=&#8221;22px&#8221; _builder_version=&#8221;4.7.3&#8243; _module_preset=&#8221;default&#8221; header_font_size=&#8221;16px&#8221; header_line_height=&#8221;1.4em&#8221; custom_margin=&#8221;-32px|||||&#8221;][\/et_pb_blurb][et_pb_blurb use_icon=&#8221;on&#8221; _builder_version=&#8221;4.7.3&#8243; _module_preset=&#8221;default&#8221;]<\/p>\n<p>Vi finns h\u00e4r f\u00f6r dig och svarar g\u00e4rna p\u00e5 dina fr\u00e5gor eller funderingar.<br \/> <em>V\u00e4nliga h\u00e4lsningar fr\u00e5n alla oss p\u00e5 ATC!<\/em><\/p>\n<p>[\/et_pb_blurb][\/et_pb_column][\/et_pb_row][\/et_pb_section]<\/p>\n","protected":false},"excerpt":{"rendered":"<p>CORONA (COVID-19)Vi har genomf\u00f6rt n\u00e5gra \u00e5tg\u00e4rder f\u00f6r att minska smittspridningen och trygga h\u00e4lsan, b\u00e5de f\u00f6r kunder och medarbetare.V\u00e5r verksamhet \u00e4r ig\u00e5ng som vanligt,\u00a0men\u00a0vi f\u00f6ljer utvecklingen och rekommendationer fr\u00e5n myndigheterna noggrantN\u00e5gra av de \u00e5tg\u00e4rder vi genomf\u00f6rtVi finns h\u00e4r f\u00f6r dig och svarar g\u00e4rna p\u00e5 dina fr\u00e5gor eller funderingar. V\u00e4nliga h\u00e4lsningar fr\u00e5n alla oss p\u00e5 ATC!<\/p>\n","protected":false},"author":1,"featured_media":0,"parent":0,"menu_order":0,"comment_status":"closed","ping_status":"closed","template":"","meta":{"_et_pb_use_builder":"on","_et_pb_old_content":"","_et_gb_content_width":"","footnotes":""},"class_list":["post-400","page","type-page","status-publish","hentry"],"yoast_head":"<!-- This site is optimized with the Yoast SEO plugin v26.7 - https:\/\/yoast.com\/wordpress\/plugins\/seo\/ -->\n<title>CORONA (Covid-19) - ATCenter i G\u00f6teborg<\/title>\n<meta name=\"robots\" content=\"index, follow, max-snippet:-1, max-image-preview:large, max-video-preview:-1\" \/>\n<link rel=\"canonical\" href=\"https:\/\/atcenter.se\/goteborg\/corona-covid-19\/\" \/>\n<meta property=\"og:locale\" content=\"sv_SE\" \/>\n<meta property=\"og:type\" content=\"article\" \/>\n<meta property=\"og:title\" content=\"CORONA (Covid-19) - ATCenter i G\u00f6teborg\" \/>\n<meta property=\"og:description\" content=\"CORONA (COVID-19)Vi har genomf\u00f6rt n\u00e5gra \u00e5tg\u00e4rder f\u00f6r att minska smittspridningen och trygga h\u00e4lsan, b\u00e5de f\u00f6r kunder och medarbetare.V\u00e5r verksamhet \u00e4r ig\u00e5ng som vanligt,\u00a0men\u00a0vi f\u00f6ljer utvecklingen och rekommendationer fr\u00e5n myndigheterna noggrantN\u00e5gra av de \u00e5tg\u00e4rder vi genomf\u00f6rtVi finns h\u00e4r f\u00f6r dig och svarar g\u00e4rna p\u00e5 dina fr\u00e5gor eller funderingar. V\u00e4nliga h\u00e4lsningar fr\u00e5n alla oss p\u00e5 ATC!\" \/>\n<meta property=\"og:url\" content=\"https:\/\/atcenter.se\/goteborg\/corona-covid-19\/\" \/>\n<meta property=\"og:site_name\" content=\"ATCenter i G\u00f6teborg\" \/>\n<meta property=\"article:modified_time\" content=\"2021-02-26T07:37:38+00:00\" \/>\n<meta property=\"og:image\" content=\"https:\/\/atcenter.bidde.se\/goteborg\/wp-content\/uploads\/sites\/3\/2020\/12\/corona.jpg\" \/>\n<meta name=\"twitter:card\" content=\"summary_large_image\" \/>\n<meta name=\"twitter:label1\" content=\"Ber\u00e4knad l\u00e4stid\" \/>\n\t<meta name=\"twitter:data1\" content=\"4 minuter\" \/>\n<script type=\"application\/ld+json\" class=\"yoast-schema-graph\">{\"@context\":\"https:\/\/schema.org\",\"@graph\":[{\"@type\":\"WebPage\",\"@id\":\"https:\/\/atcenter.se\/goteborg\/corona-covid-19\/\",\"url\":\"https:\/\/atcenter.se\/goteborg\/corona-covid-19\/\",\"name\":\"CORONA (Covid-19) - ATCenter i G\u00f6teborg\",\"isPartOf\":{\"@id\":\"https:\/\/atcenter.se\/goteborg\/#website\"},\"primaryImageOfPage\":{\"@id\":\"https:\/\/atcenter.se\/goteborg\/corona-covid-19\/#primaryimage\"},\"image\":{\"@id\":\"https:\/\/atcenter.se\/goteborg\/corona-covid-19\/#primaryimage\"},\"thumbnailUrl\":\"https:\/\/atcenter.bidde.se\/goteborg\/wp-content\/uploads\/sites\/3\/2020\/12\/corona.jpg\",\"datePublished\":\"2020-12-07T16:46:43+00:00\",\"dateModified\":\"2021-02-26T07:37:38+00:00\",\"breadcrumb\":{\"@id\":\"https:\/\/atcenter.se\/goteborg\/corona-covid-19\/#breadcrumb\"},\"inLanguage\":\"sv-SE\",\"potentialAction\":[{\"@type\":\"ReadAction\",\"target\":[\"https:\/\/atcenter.se\/goteborg\/corona-covid-19\/\"]}]},{\"@type\":\"ImageObject\",\"inLanguage\":\"sv-SE\",\"@id\":\"https:\/\/atcenter.se\/goteborg\/corona-covid-19\/#primaryimage\",\"url\":\"https:\/\/atcenter.bidde.se\/goteborg\/wp-content\/uploads\/sites\/3\/2020\/12\/corona.jpg\",\"contentUrl\":\"https:\/\/atcenter.bidde.se\/goteborg\/wp-content\/uploads\/sites\/3\/2020\/12\/corona.jpg\"},{\"@type\":\"BreadcrumbList\",\"@id\":\"https:\/\/atcenter.se\/goteborg\/corona-covid-19\/#breadcrumb\",\"itemListElement\":[{\"@type\":\"ListItem\",\"position\":1,\"name\":\"Hem\",\"item\":\"https:\/\/atcenter.se\/goteborg\/\"},{\"@type\":\"ListItem\",\"position\":2,\"name\":\"CORONA (Covid-19)\"}]},{\"@type\":\"WebSite\",\"@id\":\"https:\/\/atcenter.se\/goteborg\/#website\",\"url\":\"https:\/\/atcenter.se\/goteborg\/\",\"name\":\"ATCenter i G\u00f6teborg\",\"description\":\"Akademins Trafikcenter\",\"potentialAction\":[{\"@type\":\"SearchAction\",\"target\":{\"@type\":\"EntryPoint\",\"urlTemplate\":\"https:\/\/atcenter.se\/goteborg\/?s={search_term_string}\"},\"query-input\":{\"@type\":\"PropertyValueSpecification\",\"valueRequired\":true,\"valueName\":\"search_term_string\"}}],\"inLanguage\":\"sv-SE\"}]}<\/script>\n<!-- \/ Yoast SEO plugin. -->","yoast_head_json":{"title":"CORONA (Covid-19) - ATCenter i G\u00f6teborg","robots":{"index":"index","follow":"follow","max-snippet":"max-snippet:-1","max-image-preview":"max-image-preview:large","max-video-preview":"max-video-preview:-1"},"canonical":"https:\/\/atcenter.se\/goteborg\/corona-covid-19\/","og_locale":"sv_SE","og_type":"article","og_title":"CORONA (Covid-19) - ATCenter i G\u00f6teborg","og_description":"CORONA (COVID-19)Vi har genomf\u00f6rt n\u00e5gra \u00e5tg\u00e4rder f\u00f6r att minska smittspridningen och trygga h\u00e4lsan, b\u00e5de f\u00f6r kunder och medarbetare.V\u00e5r verksamhet \u00e4r ig\u00e5ng som vanligt,\u00a0men\u00a0vi f\u00f6ljer utvecklingen och rekommendationer fr\u00e5n myndigheterna noggrantN\u00e5gra av de \u00e5tg\u00e4rder vi genomf\u00f6rtVi finns h\u00e4r f\u00f6r dig och svarar g\u00e4rna p\u00e5 dina fr\u00e5gor eller funderingar. V\u00e4nliga h\u00e4lsningar fr\u00e5n alla oss p\u00e5 ATC!","og_url":"https:\/\/atcenter.se\/goteborg\/corona-covid-19\/","og_site_name":"ATCenter i G\u00f6teborg","article_modified_time":"2021-02-26T07:37:38+00:00","og_image":[{"url":"https:\/\/atcenter.bidde.se\/goteborg\/wp-content\/uploads\/sites\/3\/2020\/12\/corona.jpg","type":"","width":"","height":""}],"twitter_card":"summary_large_image","twitter_misc":{"Ber\u00e4knad l\u00e4stid":"4 minuter"},"schema":{"@context":"https:\/\/schema.org","@graph":[{"@type":"WebPage","@id":"https:\/\/atcenter.se\/goteborg\/corona-covid-19\/","url":"https:\/\/atcenter.se\/goteborg\/corona-covid-19\/","name":"CORONA (Covid-19) - ATCenter i G\u00f6teborg","isPartOf":{"@id":"https:\/\/atcenter.se\/goteborg\/#website"},"primaryImageOfPage":{"@id":"https:\/\/atcenter.se\/goteborg\/corona-covid-19\/#primaryimage"},"image":{"@id":"https:\/\/atcenter.se\/goteborg\/corona-covid-19\/#primaryimage"},"thumbnailUrl":"https:\/\/atcenter.bidde.se\/goteborg\/wp-content\/uploads\/sites\/3\/2020\/12\/corona.jpg","datePublished":"2020-12-07T16:46:43+00:00","dateModified":"2021-02-26T07:37:38+00:00","breadcrumb":{"@id":"https:\/\/atcenter.se\/goteborg\/corona-covid-19\/#breadcrumb"},"inLanguage":"sv-SE","potentialAction":[{"@type":"ReadAction","target":["https:\/\/atcenter.se\/goteborg\/corona-covid-19\/"]}]},{"@type":"ImageObject","inLanguage":"sv-SE","@id":"https:\/\/atcenter.se\/goteborg\/corona-covid-19\/#primaryimage","url":"https:\/\/atcenter.bidde.se\/goteborg\/wp-content\/uploads\/sites\/3\/2020\/12\/corona.jpg","contentUrl":"https:\/\/atcenter.bidde.se\/goteborg\/wp-content\/uploads\/sites\/3\/2020\/12\/corona.jpg"},{"@type":"BreadcrumbList","@id":"https:\/\/atcenter.se\/goteborg\/corona-covid-19\/#breadcrumb","itemListElement":[{"@type":"ListItem","position":1,"name":"Hem","item":"https:\/\/atcenter.se\/goteborg\/"},{"@type":"ListItem","position":2,"name":"CORONA (Covid-19)"}]},{"@type":"WebSite","@id":"https:\/\/atcenter.se\/goteborg\/#website","url":"https:\/\/atcenter.se\/goteborg\/","name":"ATCenter i G\u00f6teborg","description":"Akademins Trafikcenter","potentialAction":[{"@type":"SearchAction","target":{"@type":"EntryPoint","urlTemplate":"https:\/\/atcenter.se\/goteborg\/?s={search_term_string}"},"query-input":{"@type":"PropertyValueSpecification","valueRequired":true,"valueName":"search_term_string"}}],"inLanguage":"sv-SE"}]}},"_links":{"self":[{"href":"https:\/\/atcenter.se\/goteborg\/wp-json\/wp\/v2\/pages\/400","targetHints":{"allow":["GET"]}}],"collection":[{"href":"https:\/\/atcenter.se\/goteborg\/wp-json\/wp\/v2\/pages"}],"about":[{"href":"https:\/\/atcenter.se\/goteborg\/wp-json\/wp\/v2\/types\/page"}],"author":[{"embeddable":true,"href":"https:\/\/atcenter.se\/goteborg\/wp-json\/wp\/v2\/users\/1"}],"replies":[{"embeddable":true,"href":"https:\/\/atcenter.se\/goteborg\/wp-json\/wp\/v2\/comments?post=400"}],"version-history":[{"count":8,"href":"https:\/\/atcenter.se\/goteborg\/wp-json\/wp\/v2\/pages\/400\/revisions"}],"predecessor-version":[{"id":956,"href":"https:\/\/atcenter.se\/goteborg\/wp-json\/wp\/v2\/pages\/400\/revisions\/956"}],"wp:attachment":[{"href":"https:\/\/atcenter.se\/goteborg\/wp-json\/wp\/v2\/media?parent=400"}],"curies":[{"name":"wp","href":"https:\/\/api.w.org\/{rel}","templated":true}]}}