{"id":327,"date":"2020-12-15T19:06:05","date_gmt":"2020-12-15T18:06:05","guid":{"rendered":"https:\/\/atcenter.bidde.se\/bastad\/?page_id=327"},"modified":"2023-11-15T11:04:41","modified_gmt":"2023-11-15T10:04:41","slug":"ehandel","status":"publish","type":"page","link":"https:\/\/atcenter.se\/bastad\/ehandel\/","title":{"rendered":"E-handel"},"content":{"rendered":"<h2 style=\"text-align: center\"><strong>Just nu ber vi er\u00a0v\u00e4nligen ringa eller <\/strong><br \/>\n<strong>maila f\u00f6r kurser och anm\u00e4lan!<\/strong><\/h2>\n<h2 style=\"text-align: center\"><strong>031-21 24 27 eller 0431-411 313 <\/strong><br \/>\n<strong>info@atcenter.se<\/strong><\/h2>\n","protected":false},"excerpt":{"rendered":"<p>Just nu ber vi er\u00a0v\u00e4nligen ringa eller maila f\u00f6r kurser och anm\u00e4lan! 031-21 24 27 eller 0431-411 313 info@atcenter.se<\/p>\n","protected":false},"author":2,"featured_media":0,"parent":0,"menu_order":0,"comment_status":"closed","ping_status":"closed","template":"","meta":{"_et_pb_use_builder":"off","_et_pb_old_content":"","_et_gb_content_width":"","footnotes":""},"class_list":["post-327","page","type-page","status-publish","hentry"],"yoast_head":"<!-- This site is optimized with the Yoast SEO plugin v26.7 - https:\/\/yoast.com\/wordpress\/plugins\/seo\/ -->\n<title>E-handel - ATCenter i B\u00e5stad<\/title>\n<meta name=\"robots\" content=\"index, follow, max-snippet:-1, max-image-preview:large, max-video-preview:-1\" \/>\n<link rel=\"canonical\" href=\"https:\/\/atcenter.se\/bastad\/ehandel\/\" \/>\n<meta property=\"og:locale\" content=\"sv_SE\" \/>\n<meta property=\"og:type\" content=\"article\" \/>\n<meta property=\"og:title\" content=\"E-handel - ATCenter i B\u00e5stad\" \/>\n<meta property=\"og:description\" content=\"Just nu ber vi er\u00a0v\u00e4nligen ringa eller maila f\u00f6r kurser och anm\u00e4lan! 031-21 24 27 eller 0431-411 313 info@atcenter.se\" \/>\n<meta property=\"og:url\" content=\"https:\/\/atcenter.se\/bastad\/ehandel\/\" \/>\n<meta property=\"og:site_name\" content=\"ATCenter i B\u00e5stad\" \/>\n<meta property=\"article:modified_time\" content=\"2023-11-15T10:04:41+00:00\" \/>\n<meta name=\"twitter:card\" content=\"summary_large_image\" \/>\n<script type=\"application\/ld+json\" class=\"yoast-schema-graph\">{\"@context\":\"https:\/\/schema.org\",\"@graph\":[{\"@type\":\"WebPage\",\"@id\":\"https:\/\/atcenter.se\/bastad\/ehandel\/\",\"url\":\"https:\/\/atcenter.se\/bastad\/ehandel\/\",\"name\":\"E-handel - ATCenter i B\u00e5stad\",\"isPartOf\":{\"@id\":\"https:\/\/atcenter.se\/bastad\/#website\"},\"datePublished\":\"2020-12-15T18:06:05+00:00\",\"dateModified\":\"2023-11-15T10:04:41+00:00\",\"breadcrumb\":{\"@id\":\"https:\/\/atcenter.se\/bastad\/ehandel\/#breadcrumb\"},\"inLanguage\":\"sv-SE\",\"potentialAction\":[{\"@type\":\"ReadAction\",\"target\":[\"https:\/\/atcenter.se\/bastad\/ehandel\/\"]}]},{\"@type\":\"BreadcrumbList\",\"@id\":\"https:\/\/atcenter.se\/bastad\/ehandel\/#breadcrumb\",\"itemListElement\":[{\"@type\":\"ListItem\",\"position\":1,\"name\":\"Hem\",\"item\":\"https:\/\/atcenter.se\/bastad\/\"},{\"@type\":\"ListItem\",\"position\":2,\"name\":\"E-handel\"}]},{\"@type\":\"WebSite\",\"@id\":\"https:\/\/atcenter.se\/bastad\/#website\",\"url\":\"https:\/\/atcenter.se\/bastad\/\",\"name\":\"ATCenter i B\u00e5stad\",\"description\":\"Trafikskolan f\u00f6r dig\",\"potentialAction\":[{\"@type\":\"SearchAction\",\"target\":{\"@type\":\"EntryPoint\",\"urlTemplate\":\"https:\/\/atcenter.se\/bastad\/?s={search_term_string}\"},\"query-input\":{\"@type\":\"PropertyValueSpecification\",\"valueRequired\":true,\"valueName\":\"search_term_string\"}}],\"inLanguage\":\"sv-SE\"}]}<\/script>\n<!-- \/ Yoast SEO plugin. -->","yoast_head_json":{"title":"E-handel - ATCenter i B\u00e5stad","robots":{"index":"index","follow":"follow","max-snippet":"max-snippet:-1","max-image-preview":"max-image-preview:large","max-video-preview":"max-video-preview:-1"},"canonical":"https:\/\/atcenter.se\/bastad\/ehandel\/","og_locale":"sv_SE","og_type":"article","og_title":"E-handel - ATCenter i B\u00e5stad","og_description":"Just nu ber vi er\u00a0v\u00e4nligen ringa eller maila f\u00f6r kurser och anm\u00e4lan! 031-21 24 27 eller 0431-411 313 info@atcenter.se","og_url":"https:\/\/atcenter.se\/bastad\/ehandel\/","og_site_name":"ATCenter i B\u00e5stad","article_modified_time":"2023-11-15T10:04:41+00:00","twitter_card":"summary_large_image","schema":{"@context":"https:\/\/schema.org","@graph":[{"@type":"WebPage","@id":"https:\/\/atcenter.se\/bastad\/ehandel\/","url":"https:\/\/atcenter.se\/bastad\/ehandel\/","name":"E-handel - ATCenter i B\u00e5stad","isPartOf":{"@id":"https:\/\/atcenter.se\/bastad\/#website"},"datePublished":"2020-12-15T18:06:05+00:00","dateModified":"2023-11-15T10:04:41+00:00","breadcrumb":{"@id":"https:\/\/atcenter.se\/bastad\/ehandel\/#breadcrumb"},"inLanguage":"sv-SE","potentialAction":[{"@type":"ReadAction","target":["https:\/\/atcenter.se\/bastad\/ehandel\/"]}]},{"@type":"BreadcrumbList","@id":"https:\/\/atcenter.se\/bastad\/ehandel\/#breadcrumb","itemListElement":[{"@type":"ListItem","position":1,"name":"Hem","item":"https:\/\/atcenter.se\/bastad\/"},{"@type":"ListItem","position":2,"name":"E-handel"}]},{"@type":"WebSite","@id":"https:\/\/atcenter.se\/bastad\/#website","url":"https:\/\/atcenter.se\/bastad\/","name":"ATCenter i B\u00e5stad","description":"Trafikskolan f\u00f6r dig","potentialAction":[{"@type":"SearchAction","target":{"@type":"EntryPoint","urlTemplate":"https:\/\/atcenter.se\/bastad\/?s={search_term_string}"},"query-input":{"@type":"PropertyValueSpecification","valueRequired":true,"valueName":"search_term_string"}}],"inLanguage":"sv-SE"}]}},"_links":{"self":[{"href":"https:\/\/atcenter.se\/bastad\/wp-json\/wp\/v2\/pages\/327","targetHints":{"allow":["GET"]}}],"collection":[{"href":"https:\/\/atcenter.se\/bastad\/wp-json\/wp\/v2\/pages"}],"about":[{"href":"https:\/\/atcenter.se\/bastad\/wp-json\/wp\/v2\/types\/page"}],"author":[{"embeddable":true,"href":"https:\/\/atcenter.se\/bastad\/wp-json\/wp\/v2\/users\/2"}],"replies":[{"embeddable":true,"href":"https:\/\/atcenter.se\/bastad\/wp-json\/wp\/v2\/comments?post=327"}],"version-history":[{"count":12,"href":"https:\/\/atcenter.se\/bastad\/wp-json\/wp\/v2\/pages\/327\/revisions"}],"predecessor-version":[{"id":964,"href":"https:\/\/atcenter.se\/bastad\/wp-json\/wp\/v2\/pages\/327\/revisions\/964"}],"wp:attachment":[{"href":"https:\/\/atcenter.se\/bastad\/wp-json\/wp\/v2\/media?parent=327"}],"curies":[{"name":"wp","href":"https:\/\/api.w.org\/{rel}","templated":true}]}}